{"id":2,"date":"2025-10-12T23:14:33","date_gmt":"2025-10-12T21:14:33","guid":{"rendered":"https:\/\/www.pam-mon-cu.fr\/?page_id=2"},"modified":"2025-11-12T00:34:01","modified_gmt":"2025-11-11T23:34:01","slug":"page-d-exemple","status":"publish","type":"page","link":"https:\/\/www.pam-mon-cu.fr\/?page_id=2","title":{"rendered":"Bient\u00f4t disponible&#8230;"},"content":{"rendered":"\n<p>Nous sommes le Collectif de Usagers du PAM d&rsquo;IDFM.<\/p>\n\n\n\n<p>Voici les quelques affirmations concernant le PAM ou simplement les services de transports en commun d&rsquo;Ile de France.<\/p>\n\n\n\n<blockquote class=\"wp-block-quote is-layout-flow wp-block-quote-is-layout-flow\">\n<p>Les personnes en situation de Handicap ne peuvent pas utiliser les transports en commun (m\u00e9tro, RER, bus&#8230;) car les infrastructures ne sont pas pr\u00e9vues pour les fauteuils roulants.<\/p>\n<\/blockquote>\n\n\n\n<p>\u2026ou quelque chose comme cela&nbsp;:<\/p>\n\n\n\n<blockquote class=\"wp-block-quote is-layout-flow wp-block-quote-is-layout-flow\">\n<p>Le service PAM est trop souvent indisponible, en retard ou maltraitant aussi bien envers les personnes qu&rsquo;envers les animaux d&rsquo;assistance.<\/p>\n<\/blockquote>\n\n\n\n<p>Nous nous structurons pour que cela s&rsquo;am\u00e9liore consid\u00e9rablement et que l&rsquo;on prenne au s\u00e9rieux nos revendications aussi bien au niveau des op\u00e9rateurs du PAM, qu&rsquo;au niveau d&rsquo;Ile de France Mobilit\u00e9.<\/p>\n\n\n\n<p>Un forum de discussion sera tr\u00e8s prochainement mis en place pour maximiser nos revendications.<\/p>\n\n\n\n<p>Plus nous serons nombreux, plus nous aurons du poids pour faire bouger les choses.<\/p>\n\n\n\n<p><\/p>\n","protected":false},"excerpt":{"rendered":"<p>Nous sommes le Collectif de Usagers du PAM d&rsquo;IDFM. Voici les quelques affirmations concernant le PAM ou simplement les services de transports en commun d&rsquo;Ile de France. Les personnes en situation de Handicap ne peuvent pas utiliser les transports en commun (m\u00e9tro, RER, bus&#8230;) car les infrastructures ne sont pas pr\u00e9vues pour les fauteuils roulants. [&hellip;]<\/p>\n","protected":false},"author":1,"featured_media":0,"parent":0,"menu_order":0,"comment_status":"closed","ping_status":"open","template":"","meta":{"footnotes":""},"class_list":["post-2","page","type-page","status-publish","hentry"],"_links":{"self":[{"href":"https:\/\/www.pam-mon-cu.fr\/index.php?rest_route=\/wp\/v2\/pages\/2","targetHints":{"allow":["GET"]}}],"collection":[{"href":"https:\/\/www.pam-mon-cu.fr\/index.php?rest_route=\/wp\/v2\/pages"}],"about":[{"href":"https:\/\/www.pam-mon-cu.fr\/index.php?rest_route=\/wp\/v2\/types\/page"}],"author":[{"embeddable":true,"href":"https:\/\/www.pam-mon-cu.fr\/index.php?rest_route=\/wp\/v2\/users\/1"}],"replies":[{"embeddable":true,"href":"https:\/\/www.pam-mon-cu.fr\/index.php?rest_route=%2Fwp%2Fv2%2Fcomments&post=2"}],"version-history":[{"count":2,"href":"https:\/\/www.pam-mon-cu.fr\/index.php?rest_route=\/wp\/v2\/pages\/2\/revisions"}],"predecessor-version":[{"id":12,"href":"https:\/\/www.pam-mon-cu.fr\/index.php?rest_route=\/wp\/v2\/pages\/2\/revisions\/12"}],"wp:attachment":[{"href":"https:\/\/www.pam-mon-cu.fr\/index.php?rest_route=%2Fwp%2Fv2%2Fmedia&parent=2"}],"curies":[{"name":"wp","href":"https:\/\/api.w.org\/{rel}","templated":true}]}}